{"id":4538,"date":"2022-11-10T18:03:38","date_gmt":"2022-11-10T17:03:38","guid":{"rendered":"https:\/\/www.williscasino.com\/blog\/?page_id=4538"},"modified":"2022-12-21T10:03:08","modified_gmt":"2022-12-21T09:03:08","slug":"top-10-online-jackpot-winners-all-time","status":"publish","type":"page","link":"https:\/\/www.williscasino.com\/blog\/fi\/kaikkien-aikojen-10-parasta-online-jackpot-voittajaa\/","title":{"rendered":"Kaikkien aikojen 10 parasta online-jackpot-voittajaa"},"content":{"rendered":"<p><span style=\"font-weight: 400;\">Online-pelimaailma on varmasti ottanut k\u00e4\u00e4nteen pandemian alkamisesta l\u00e4htien. Varsinkin kun kasinon yst\u00e4v\u00e4t eiv\u00e4t voineet menn\u00e4 varsinaisille kasinoille pelaamaan ja nauttimaan, online-kasinoista tuli hitti! Kukapa ei haluaisi j\u00e4\u00e4d\u00e4 kotiin ja voittaa suuria voittoja, eik\u00f6 niin? Historia puhuu puolestaan, ja tuhansia ihmisi\u00e4 on voittanut valtavia j\u00e4ttipotteja netiss\u00e4 pelaamalla. Riippumatta siit\u00e4, onko kyse kolikkopeleist\u00e4, p\u00f6yt\u00e4peleist\u00e4, blackjackista tai videopokerista, monet onnelliset pelaajat ovat j\u00e4tt\u00e4neet el\u00e4m\u00e4\u00e4ns\u00e4 muuttavat rahasummat. T\u00e4ss\u00e4 artikkelissa puhumme t\u00e4h\u00e4n menness\u00e4 suurimmista online-voitoista. Tulla mukaan!<\/span><\/p>\n<p style=\"text-align: center;\"><a class=\"fasc-button fasc-size-medium fasc-type-glossy fasc-rounded-medium fasc-style-bold\" style=\"background-color: #e63115; color: #ffffff;\" target=\"_blank\" href=\"https:\/\/bit.ly\/3v8hoYA\" rel=\"noopener\">Rekister\u00f6idy ilmaiseksi ja hanki $10-bonus pelaamiseen<\/a><\/p>\n<h2 style=\"text-align: center;\"><span style=\"font-weight: 400;\">Kaikkien aikojen suurimmat j\u00e4ttipotin voittajat<\/span><\/h2>\n<h3><span style=\"font-weight: 400;\">10) Miljoonan dollarin unelmat&nbsp;<\/span><\/h3>\n<p><span style=\"font-weight: 400;\">Puolalainen Radoslaw M. voitti valtavan $1,2 miljoonan palkintorahan 5. lokakuuta 2009 pelatessaan Mega Moolahia. Mega Moolahin verkkosivujen mukaan pelaaja oli niin j\u00e4rkyttynyt, ett\u00e4 h\u00e4n ei voinut edes koskea tietokoneeseen, jolla h\u00e4n pelasi. Sitten h\u00e4n pelasi mahtavimman h\u00e4\u00e4matkan h\u00e4nelle ja vaimolleen ja sanoi, ett\u00e4 he voisivat vihdoin el\u00e4\u00e4 el\u00e4m\u00e4\u00e4, josta he aina unelmoivat!&nbsp;<\/span><\/p>\n<h3><span style=\"font-weight: 400;\">9) 0,50 c - $5,5 miljoonaa!<\/span><\/h3>\n<p><span style=\"font-weight: 400;\">Klaus Suomesta <\/span><span style=\"font-weight: 400;\">voitti US$5,5 miljoonaa 0,50 c:n kolikolla vedolla 22. huhtikuuta 2008. Se on 11 miljoonaa kertaa alkuper\u00e4inen panos! Kun Klaus n\u00e4ki numeron tietokoneen n\u00e4yt\u00f6ll\u00e4, h\u00e4n luuli sen olevan puhelinnumero ja ett\u00e4 h\u00e4n erehtyi. H\u00e4n nousi yl\u00f6s ja meni ulos ja palasi kasinotililleen 5,5 miljoonaa dollaria ja Mega Moolah -kasinolta soitetut onnittelut.&nbsp;<\/span><\/p>\n<h3><span style=\"font-weight: 400;\">8) Nopeat miljoonat pikaruokaty\u00f6ntekij\u00e4lle!&nbsp;<\/span><\/h3>\n<p><span style=\"font-weight: 400;\">Viime vuoden kes\u00e4kuun lopussa <\/span><span style=\"font-weight: 400;\">Rawiri Pou<\/span><span style=\"font-weight: 400;\"> Uudesta-Seelannista k\u00e4veli pois $6,5 miljoonalla pelatessaan Mega Moolahia. H\u00e4n oli 27-vuotias pikaruokaty\u00f6ntekij\u00e4 voittaessaan, ja h\u00e4n oli t\u00e4ysin ymm\u00e4ll\u00e4\u00e4n voittaessaan. Rawiri sanoi, ett\u00e4 h\u00e4n on ollut shokissa voiton j\u00e4lkeen ja ett\u00e4 t\u00e4ll\u00e4 tapahtumalla tulee olemaan syv\u00e4 vaikutus h\u00e4nen koko el\u00e4m\u00e4\u00e4ns\u00e4. No, jokainen, joka voittaa n\u00e4in suuren voiton, tunteisi samoin!&nbsp;<\/span><\/p>\n<p><img decoding=\"async\" class=\"aligncenter\" src=\"https:\/\/www.williscasino.com\/blog\/wp-content\/uploads\/2022\/11\/rawri-pou.png\"><\/p>\n<p style=\"text-align: center;\"><a class=\"fasc-button fasc-size-medium fasc-type-glossy fasc-rounded-medium fasc-style-bold\" style=\"background-color: #e63115; color: #ffffff;\" target=\"_blank\" rel=\"noopener\" href=\"https:\/\/bit.ly\/3v8hoYA\">Rekister\u00f6idy ilmaiseksi ja hanki $10-bonus pelaamiseen<\/a><\/p>\n<h3><span style=\"font-weight: 400;\">7) Onnea voitosta!<\/span><\/h3>\n<p><span style=\"font-weight: 400;\">9. joulukuuta 2012 mies nimelt\u00e4 <\/span><span style=\"font-weight: 400;\">John Orchard<\/span><span style=\"font-weight: 400;\"> ja useiden verkkopelien, erityisesti bingon, innokas pelaaja, py\u00f6r\u00e4ytti vain 30p ja voitti satunnaisesti valtavan $7,6 miljoonan j\u00e4ttipotin, kun h\u00e4n v\u00e4hiten odotti sit\u00e4! Onni toimii upealla tavalla ja t\u00e4m\u00e4 p\u00e4iv\u00e4 oli varmasti yksi Jonin el\u00e4m\u00e4n onnellisimmista p\u00e4ivist\u00e4.&nbsp;<\/span><\/p>\n<p><img loading=\"lazy\" decoding=\"async\" class=\"size-medium wp-image-4546 aligncenter\" src=\"https:\/\/www.williscasino.com\/blog\/wp-content\/uploads\/2022\/11\/john-orchard-300x218.png\" alt=\"\" width=\"300\" height=\"218\" srcset=\"https:\/\/www.williscasino.com\/blog\/wp-content\/uploads\/2022\/11\/john-orchard-300x218.png 300w, https:\/\/www.williscasino.com\/blog\/wp-content\/uploads\/2022\/11\/john-orchard-18x12.png 18w, https:\/\/www.williscasino.com\/blog\/wp-content\/uploads\/2022\/11\/john-orchard.png 666w\" sizes=\"(max-width: 300px) 100vw, 300px\" \/><\/p>\n<h3><span style=\"font-weight: 400;\">6) Tarvitset vain 5 \u20ac!&nbsp;<\/span><\/h3>\n<p><span style=\"font-weight: 400;\">Vuonna 2009 mies nimelt\u00e4 <\/span><span style=\"font-weight: 400;\">Georgios Kreikasta<\/span><span style=\"font-weight: 400;\"> H\u00e4nest\u00e4 tuli heti monimiljon\u00e4\u00e4ri, kun h\u00e4n sijoitti vain 5 euroa Mega Moolahiin. H\u00e4n voitti Mega Jackpotin eli periaatteessa, kun peli laukaisee satunnaisesti bonuskierroksen ja vain onnekkaat, jotka osuvat oikeaan paikkaan oikealla hetkell\u00e4, p\u00e4\u00e4sev\u00e4t pelaamaan sit\u00e4. Georgios yll\u00e4ttyi t\u00e4ysin, kun h\u00e4n voitti 6,3 miljoonaa euroa ($8,55 miljoonaa).&nbsp;<\/span><\/p>\n<p style=\"text-align: center;\"><a class=\"fasc-button fasc-size-medium fasc-type-glossy fasc-rounded-medium fasc-style-bold\" style=\"background-color: #e63115; color: #ffffff;\" target=\"_blank\" rel=\"noopener\" href=\"https:\/\/bit.ly\/3v8hoYA\">Rekister\u00f6idy ilmaiseksi ja hanki $10-bonus pelaamiseen<\/a><\/p>\n<p>Esittele taitosi Willis Casinolla. Luo vain ilmainen tili Willis Casinolle ja pyyd\u00e4 $10-bonusta l\u00e4hett\u00e4m\u00e4ll\u00e4 s\u00e4hk\u00f6postia osoitteeseen support@williscasino.com.<\/p>\n<h3><span style=\"font-weight: 400;\">5) $1:st\u00e4 $8,82 miljoonaan!&nbsp;<\/span><\/h3>\n<p><span style=\"font-weight: 400;\">Vuonna 2016 tunnistamaton pelaaja, jolla oli nimikirjaimet DP, voitti enn\u00e4tyksellisen j\u00e4ttipotin $8,82 miljoonaa! Se oli kaikkien aikojen suurin mobiililaitteella voitettu progressiivinen j\u00e4ttipotti. Mutta j\u00e4rkytt\u00e4vin asia on, ett\u00e4 pelaaja sijoitti vain dollarin (kyll\u00e4!) Mega Moolah Mobilen 80 Chances to Become a Millionaire -kampanjaan ja sai t\u00e4m\u00e4n valtavan palkinnon. Puhu siit\u00e4, ett\u00e4 olet onnekas!&nbsp;&nbsp;<\/span><\/p>\n<h3><span style=\"font-weight: 400;\">4) Millionaire Maker<\/span><\/h3>\n<p><span style=\"font-weight: 400;\">Yksi Microgamingin suosituimmista peleist\u00e4 on Mega Moolah, ja se on t\u00e4ysin selv\u00e4\u00e4 miksi. Kolikkopelin maine korkeapalkkaisena koneena johtuu sen runsaasta voitosta. Mega Moolahin kaikkien aikojen suurimman mobiilimaksun, yli $9,22 miljoonaa, suoritti Tipico Mobile Casino -pelaaja huhtikuussa 2017: <\/span><span style=\"font-weight: 400;\">Marcus Goodwin<\/span><span style=\"font-weight: 400;\">. Vet\u00e4j\u00e4 teki t\u00e4ll\u00e4 siirrolla uuden enn\u00e4tyksen kalenterivuoden eniten pisteist\u00e4. Panos $7.2 per peli t\u00e4ss\u00e4 Microgamingin kolikkopeliss\u00e4 maksoi pelaajalle komeasti ja teki h\u00e4nest\u00e4 miljon\u00e4\u00e4rin.&nbsp;<\/span><\/p>\n<h3><span style=\"font-weight: 400;\">3) Nuori, onnekas ja rikas!<\/span><\/h3>\n<p><span style=\"font-weight: 400;\">Vain 30-vuotiaana,<\/span><span style=\"font-weight: 400;\"> Alexander Ruotsista<\/span><span style=\"font-weight: 400;\"> voitti NetEntin Mega Fortunen $9,57 miljoonan j\u00e4ttipotin. Kysytt\u00e4ess\u00e4 h\u00e4nen onnesta, onnekas palkinnon voittaja my\u00f6nsi, ett\u00e4 h\u00e4n oli aluksi sanaton ennen kuin her\u00e4si vaimonsa juhlimaan t\u00e4m\u00e4n kanssa. Alexander totesi, ett\u00e4 riippumatta voitosta, h\u00e4n aikoi vain pit\u00e4\u00e4 lomaa, maksaa asuntolainansa ja kenties ostaa uuden auton palkkioksi.&nbsp;<\/span><\/p>\n<h3><span style=\"font-weight: 400;\">2) Hall of Godsista Hall of Fameen&nbsp;<\/span><\/h3>\n<p><span style=\"font-weight: 400;\">Marraskuussa 2012 ruotsalainen nainen, joka k\u00e4ytti vain nimikirjaimia LG, voitti 7,6 miljoonan euron ($9,7 miljoonaa) j\u00e4ttipotin. H\u00e4n nautti toisesta kuuluisasta online-kolikkopelist\u00e4 nimelt\u00e4 Hall of Gods by Net Entertainment (NetEnt). Onnekas voittaja l\u00e4hti perhelomalle Thaimaahan, osti upean kiinteist\u00f6n, maksoi opintolainansa ja osti voitollaan upouuden auton.<\/span><\/p>\n<h3><span style=\"font-weight: 400;\">1) Sotilaan voitto!&nbsp;<\/span><\/h3>\n<p><span style=\"font-weight: 400;\">Mega Moolah Progressive Jackpot tunnetaan yhten\u00e4 tuottoisimmista saatavilla olevista peleist\u00e4. 6. lokakuuta 2015 brittil\u00e4inen sotilas nimelt\u00e4 <\/span><span style=\"font-weight: 400;\">Jonathan Heywood<\/span><span style=\"font-weight: 400;\">26-vuotias voitti enn\u00e4tyksellisen $17,2 miljoonan j\u00e4ttipotin panostaen vain 25 p jokaisella py\u00f6r\u00e4ytyksell\u00e4. My\u00f6hemmin voittaja kuvaili kokemusta oudoksi ja totesi, ett\u00e4 h\u00e4nen oli vaikea hyv\u00e4ksy\u00e4 sit\u00e4.<\/span><\/p>\n<p><img loading=\"lazy\" decoding=\"async\" class=\"aligncenter wp-image-4548 size-full\" src=\"https:\/\/www.williscasino.com\/blog\/wp-content\/uploads\/2022\/11\/heywood.png\" alt=\"Jonathan heywood mega moolah\" width=\"801\" height=\"425\" srcset=\"https:\/\/www.williscasino.com\/blog\/wp-content\/uploads\/2022\/11\/heywood.png 801w, https:\/\/www.williscasino.com\/blog\/wp-content\/uploads\/2022\/11\/heywood-300x159.png 300w, https:\/\/www.williscasino.com\/blog\/wp-content\/uploads\/2022\/11\/heywood-768x407.png 768w, https:\/\/www.williscasino.com\/blog\/wp-content\/uploads\/2022\/11\/heywood-18x10.png 18w\" sizes=\"(max-width: 801px) 100vw, 801px\" \/><\/p>\n<p><span style=\"font-weight: 400;\">L\u00e4hteet: casinoonline.com, megamoolah.com &amp; medium.com<\/span><\/p>\n<p style=\"text-align: center;\"><a class=\"fasc-button fasc-size-medium fasc-type-glossy fasc-rounded-medium fasc-style-bold\" style=\"background-color: #e63115; color: #ffffff;\" target=\"_blank\" rel=\"noopener\" href=\"https:\/\/bit.ly\/3v8hoYA\">Rekister\u00f6idy ilmaiseksi ja hanki $10-bonus pelaamiseen<\/a><\/p>\n<p>Esittele taitosi Willis Casinolla. Luo vain ilmainen tili Willis Casinolle ja pyyd\u00e4 $10-bonusta l\u00e4hett\u00e4m\u00e4ll\u00e4 s\u00e4hk\u00f6postia osoitteeseen support@williscasino.com.<\/p>","protected":false},"excerpt":{"rendered":"<p>Online-pelimaailma on varmasti ottanut k\u00e4\u00e4nteen pandemian alkamisesta l\u00e4htien. Varsinkin kun kasinon yst\u00e4v\u00e4t eiv\u00e4t voineet menn\u00e4 varsinaisille kasinoille pelaamaan ja nauttimaan, online-kasinoista tuli hitti! Kukapa ei haluaisi j\u00e4\u00e4d\u00e4 kotiin ja voittaa suuria voittoja, eik\u00f6 niin? Historia puhuu puolestaan ja tuhansia ihmisi\u00e4 on voittanut\u2026<\/p>","protected":false},"author":2,"featured_media":0,"parent":0,"menu_order":0,"comment_status":"closed","ping_status":"closed","template":"","meta":{"footnotes":""},"_links":{"self":[{"href":"https:\/\/www.williscasino.com\/blog\/fi\/wp-json\/wp\/v2\/pages\/4538"}],"collection":[{"href":"https:\/\/www.williscasino.com\/blog\/fi\/wp-json\/wp\/v2\/pages"}],"about":[{"href":"https:\/\/www.williscasino.com\/blog\/fi\/wp-json\/wp\/v2\/types\/page"}],"author":[{"embeddable":true,"href":"https:\/\/www.williscasino.com\/blog\/fi\/wp-json\/wp\/v2\/users\/2"}],"replies":[{"embeddable":true,"href":"https:\/\/www.williscasino.com\/blog\/fi\/wp-json\/wp\/v2\/comments?post=4538"}],"version-history":[{"count":11,"href":"https:\/\/www.williscasino.com\/blog\/fi\/wp-json\/wp\/v2\/pages\/4538\/revisions"}],"predecessor-version":[{"id":4574,"href":"https:\/\/www.williscasino.com\/blog\/fi\/wp-json\/wp\/v2\/pages\/4538\/revisions\/4574"}],"wp:attachment":[{"href":"https:\/\/www.williscasino.com\/blog\/fi\/wp-json\/wp\/v2\/media?parent=4538"}],"curies":[{"name":"wp","href":"https:\/\/api.w.org\/{rel}","templated":true}]}}