{"id":4538,"date":"2022-11-10T18:03:38","date_gmt":"2022-11-10T17:03:38","guid":{"rendered":"https:\/\/www.williscasino.com\/blog\/?page_id=4538"},"modified":"2022-12-21T10:03:08","modified_gmt":"2022-12-21T09:03:08","slug":"top-10-online-jackpot-winners-all-time","status":"publish","type":"page","link":"https:\/\/www.williscasino.com\/blog\/fr\/top-10-des-gagnants-du-jackpot-en-ligne-de-tous-les-temps\/","title":{"rendered":"Les 10 meilleurs gagnants du jackpot en ligne de tous les temps"},"content":{"rendered":"<p><span style=\"font-weight: 400;\">Le monde du jeu en ligne a certainement pris un tournant depuis le d\u00e9but de la pand\u00e9mie. Surtout lorsque les amateurs de casino ne pouvaient pas se rendre dans les casinos r\u00e9els pour jouer et s&#039;amuser, les casinos en ligne sont devenus un succ\u00e8s ! Qui ne voudrait pas rester \u00e0 la maison et gagner gros, n&#039;est-ce pas\u00a0? L&#039;histoire parle d&#039;elle-m\u00eame et il y a des milliers de personnes qui ont gagn\u00e9 d&#039;\u00e9normes jackpots en jouant en ligne. Que ce soit sur les machines \u00e0 sous, les jeux de table, le blackjack ou le vid\u00e9o poker, il y a eu un certain nombre de joueurs chanceux qui sont repartis avec des sommes d&#039;argent qui ont chang\u00e9 leur vie. Nous parlons des plus gros gains en ligne \u00e0 ce jour dans cet article. Venez\u00a0!<\/span><\/p>\n<p style=\"text-align: center;\"><a class=\"fasc-button fasc-size-medium fasc-type-glossy fasc-rounded-medium fasc-style-bold\" style=\"background-color: #e63115; color: #ffffff;\" target=\"_blank\" href=\"https:\/\/bit.ly\/3v8hoYA\" rel=\"noopener\">Inscrivez-vous gratuitement et obtenez un bonus $10 pour jouer<\/a><\/p>\n<h2 style=\"text-align: center;\"><span style=\"font-weight: 400;\">Les plus gros gagnants du jackpot<\/span><\/h2>\n<h3><span style=\"font-weight: 400;\">10) R\u00eaves \u00e0 un million de dollars&nbsp;<\/span><\/h3>\n<p><span style=\"font-weight: 400;\">Radoslaw M. de Pologne a remport\u00e9 un \u00e9norme prix en argent de $1,2 million le 5 octobre 2009 en jouant \u00e0 Mega Moolah. Selon le site Web de Mega Moolah, le joueur \u00e9tait tellement choqu\u00e9 qu&#039;il ne pouvait m\u00eame pas toucher l&#039;ordinateur sur lequel il jouait. Ensuite, il a jou\u00e9 la plus grande lune de miel pour lui et sa femme et a dit qu&#039;ils pourraient enfin vivre la vie dont ils ont toujours r\u00eav\u00e9 !&nbsp;<\/span><\/p>\n<h3><span style=\"font-weight: 400;\">9) 0,50c \u00e0 $5,5 millions !<\/span><\/h3>\n<p><span style=\"font-weight: 400;\">Klaus de Finlande <\/span><span style=\"font-weight: 400;\">gagn\u00e9 US$5.5 million sur un pari de pi\u00e8ces de 0.50c le 22 avril 2008. C&#039;est 11 millions de fois la mise initiale ! Lorsque Klaus a vu le num\u00e9ro sur son \u00e9cran d&#039;ordinateur, il a pens\u00e9 que c&#039;\u00e9tait un num\u00e9ro de t\u00e9l\u00e9phone et qu&#039;il se trompait. Il s&#039;est lev\u00e9 et est sorti et est revenu avec 5,5 millions de dollars sur son compte de casino et des appels du casino Mega Moolah pour le f\u00e9liciter.&nbsp;<\/span><\/p>\n<h3><span style=\"font-weight: 400;\">8) Des millions rapides pour le travailleur de la restauration rapide\u00a0!&nbsp;<\/span><\/h3>\n<p><span style=\"font-weight: 400;\">Fin juin de l&#039;ann\u00e9e derni\u00e8re, <\/span><span style=\"font-weight: 400;\">Rawiri Pou<\/span><span style=\"font-weight: 400;\"> de Nouvelle-Z\u00e9lande est reparti avec $6,5 millions en jouant \u00e0 Mega Moolah. Il \u00e9tait un travailleur de la restauration rapide de 27 ans lorsqu&#039;il a gagn\u00e9 et il a \u00e9t\u00e9 totalement d\u00e9concert\u00e9 lorsqu&#039;il a gagn\u00e9. Rawiri a d\u00e9clar\u00e9 qu&#039;il \u00e9tait en \u00e9tat de choc depuis sa victoire et que cet \u00e9v\u00e9nement allait avoir un effet profond sur toute sa vie. Eh bien, toute personne qui gagne ce gros ressentirait la m\u00eame chose\u00a0!&nbsp;<\/span><\/p>\n<p><img decoding=\"async\" class=\"aligncenter\" src=\"https:\/\/www.williscasino.com\/blog\/wp-content\/uploads\/2022\/11\/rawri-pou.png\"><\/p>\n<p style=\"text-align: center;\"><a class=\"fasc-button fasc-size-medium fasc-type-glossy fasc-rounded-medium fasc-style-bold\" style=\"background-color: #e63115; color: #ffffff;\" target=\"_blank\" rel=\"noopener\" href=\"https:\/\/bit.ly\/3v8hoYA\">Inscrivez-vous gratuitement et obtenez un bonus $10 pour jouer<\/a><\/p>\n<h3><span style=\"font-weight: 400;\">7) Chance pour la victoire !<\/span><\/h3>\n<p><span style=\"font-weight: 400;\">Le 9 d\u00e9cembre 2012, un homme nomm\u00e9 <\/span><span style=\"font-weight: 400;\">Jean Verger<\/span><span style=\"font-weight: 400;\"> et un joueur passionn\u00e9 de plusieurs jeux en ligne, en particulier le bingo, n&#039;a tourn\u00e9 que 30p et a remport\u00e9 au hasard un \u00e9norme jackpot de $7,6 millions au moment o\u00f9 il s&#039;y attendait le moins ! La chance fonctionne de mani\u00e8re magnifique et ce jour a s\u00fbrement \u00e9t\u00e9 l&#039;un des jours les plus chanceux de la vie de Jon.&nbsp;<\/span><\/p>\n<p><img loading=\"lazy\" decoding=\"async\" class=\"size-medium wp-image-4546 aligncenter\" src=\"https:\/\/www.williscasino.com\/blog\/wp-content\/uploads\/2022\/11\/john-orchard-300x218.png\" alt=\"\" width=\"300\" height=\"218\" srcset=\"https:\/\/www.williscasino.com\/blog\/wp-content\/uploads\/2022\/11\/john-orchard-300x218.png 300w, https:\/\/www.williscasino.com\/blog\/wp-content\/uploads\/2022\/11\/john-orchard-18x12.png 18w, https:\/\/www.williscasino.com\/blog\/wp-content\/uploads\/2022\/11\/john-orchard.png 666w\" sizes=\"(max-width: 300px) 100vw, 300px\" \/><\/p>\n<h3><span style=\"font-weight: 400;\">6) Vous n&#039;avez besoin que de 5 \u20ac !&nbsp;<\/span><\/h3>\n<p><span style=\"font-weight: 400;\">En 2009, un homme nomm\u00e9 <\/span><span style=\"font-weight: 400;\">Georgios de Gr\u00e8ce<\/span><span style=\"font-weight: 400;\"> est devenu un multimillionnaire instantan\u00e9 lorsqu&#039;il a mis seulement 5 \u20ac dans Mega Moolah. Il a remport\u00e9 le Mega Jackpot, c&#039;est-\u00e0-dire lorsque le jeu d\u00e9clenche au hasard un tour de bonus et seuls les chanceux qui atterrissent au bon endroit au bon moment peuvent y jouer. Georgios a \u00e9t\u00e9 compl\u00e8tement \u00e9poustoufl\u00e9 lorsqu&#039;il a remport\u00e9 6,3 millions d&#039;euros ($8,55 millions).&nbsp;<\/span><\/p>\n<p style=\"text-align: center;\"><a class=\"fasc-button fasc-size-medium fasc-type-glossy fasc-rounded-medium fasc-style-bold\" style=\"background-color: #e63115; color: #ffffff;\" target=\"_blank\" rel=\"noopener\" href=\"https:\/\/bit.ly\/3v8hoYA\">Inscrivez-vous gratuitement et obtenez un bonus $10 pour jouer<\/a><\/p>\n<p>Pr\u00e9sentez vos comp\u00e9tences sur Willis Casino. Cr\u00e9ez simplement un compte gratuit sur Willis Casino et demandez le bonus $10 en envoyant un e-mail \u00e0 support@williscasino.com.<\/p>\n<h3><span style=\"font-weight: 400;\">5) De $1 \u00e0 $8,82 millions !&nbsp;<\/span><\/h3>\n<p><span style=\"font-weight: 400;\">En 2016, un joueur non identifi\u00e9 avec les initiales DP a remport\u00e9 un jackpot record de $8,82 millions ! C&#039;\u00e9tait le plus gros jackpot progressif jamais gagn\u00e9 sur un appareil mobile. Mais le plus choquant, c&#039;est que le joueur n&#039;a investi qu&#039;un dollar (oui !) dans la campagne des 80 chances de devenir millionnaire de Mega Moolah Mobile et a d\u00e9croch\u00e9 cet \u00e9norme prix. Parlez d&#039;\u00eatre chanceux!&nbsp;&nbsp;<\/span><\/p>\n<h3><span style=\"font-weight: 400;\">4) Le faiseur de millionnaires<\/span><\/h3>\n<p><span style=\"font-weight: 400;\">L&#039;un des jeux les plus populaires de Microgaming est Mega Moolah et la raison en est assez \u00e9vidente. La r\u00e9putation de la machine \u00e0 sous en tant que machine \u00e0 sous payante est due \u00e0 ses paiements g\u00e9n\u00e9reux. Le paiement mobile le plus important jamais r\u00e9alis\u00e9 par Mega Moolah, soit plus de $9,22 millions, a \u00e9t\u00e9 r\u00e9alis\u00e9 par un joueur de Tipico Mobile Casino en avril 2017 par <\/span><span style=\"font-weight: 400;\">Marcus Goodwin<\/span><span style=\"font-weight: 400;\">. Le parieur a \u00e9tabli un nouveau record du plus grand nombre de bott\u00e9s de d\u00e9gagement au cours d&#039;une ann\u00e9e civile avec ce mouvement. Un pari de $7.2 par jeu sur cette machine \u00e0 sous Microgaming a \u00e9t\u00e9 tr\u00e8s payant pour le joueur et a fait de lui un millionnaire.&nbsp;<\/span><\/p>\n<h3><span style=\"font-weight: 400;\">3) Jeune, chanceux et riche !<\/span><\/h3>\n<p><span style=\"font-weight: 400;\">A tout juste 30 ans,<\/span><span style=\"font-weight: 400;\"> Alexandre de Su\u00e8de<\/span><span style=\"font-weight: 400;\"> \u00e9tait l&#039;heureux gagnant d&#039;un jackpot de $9,57 millions de Mega Fortune de NetEnt. Interrog\u00e9 sur sa bonne fortune, l&#039;heureux laur\u00e9at a avou\u00e9 qu&#039;il \u00e9tait d&#039;abord sans voix avant de r\u00e9veiller sa femme pour f\u00eater avec elle. Alexander a d\u00e9clar\u00e9 que quelle que soit sa victoire, il allait simplement prendre des vacances, payer son hypoth\u00e8que et peut-\u00eatre acheter une nouvelle voiture en r\u00e9compense.&nbsp;<\/span><\/p>\n<h3><span style=\"font-weight: 400;\">2) Du Hall of Gods au Hall of Fame&nbsp;<\/span><\/h3>\n<p><span style=\"font-weight: 400;\">En novembre 2012, une Su\u00e9doise ne portant que les initiales LG a remport\u00e9 le jackpot de 7,6 millions d&#039;euros ($9,7 millions). Elle profitait d&#039;un autre c\u00e9l\u00e8bre jeu de machines \u00e0 sous en ligne appel\u00e9 Hall of Gods de Net Entertainment (NetEnt). L&#039;heureuse gagnante est partie en vacances en famille en Tha\u00eflande, a achet\u00e9 une magnifique propri\u00e9t\u00e9, a rembours\u00e9 ses pr\u00eats \u00e9tudiants et a achet\u00e9 une toute nouvelle voiture avec sa victoire.<\/span><\/p>\n<h3><span style=\"font-weight: 400;\">1) Le triomphe d&#039;un soldat !&nbsp;<\/span><\/h3>\n<p><span style=\"font-weight: 400;\">Le jackpot progressif Mega Moolah est bien connu comme l&#039;un des jeux les plus lucratifs disponibles. Le 6 octobre 2015, un soldat britannique nomm\u00e9 <\/span><span style=\"font-weight: 400;\">Jonathan Heywood<\/span><span style=\"font-weight: 400;\">, 26 ans, a remport\u00e9 un jackpot record de $17,2 millions tout en misant seulement 25p \u00e0 chaque tour. Par la suite, le gagnant a qualifi\u00e9 l&#039;exp\u00e9rience de bizarre et a d\u00e9clar\u00e9 qu&#039;il avait du mal \u00e0 l&#039;accepter.<\/span><\/p>\n<p><img loading=\"lazy\" decoding=\"async\" class=\"aligncenter wp-image-4548 size-full\" src=\"https:\/\/www.williscasino.com\/blog\/wp-content\/uploads\/2022\/11\/heywood.png\" alt=\"Jonathan heywood m\u00e9ga moolah\" width=\"801\" height=\"425\" srcset=\"https:\/\/www.williscasino.com\/blog\/wp-content\/uploads\/2022\/11\/heywood.png 801w, https:\/\/www.williscasino.com\/blog\/wp-content\/uploads\/2022\/11\/heywood-300x159.png 300w, https:\/\/www.williscasino.com\/blog\/wp-content\/uploads\/2022\/11\/heywood-768x407.png 768w, https:\/\/www.williscasino.com\/blog\/wp-content\/uploads\/2022\/11\/heywood-18x10.png 18w\" sizes=\"(max-width: 801px) 100vw, 801px\" \/><\/p>\n<p><span style=\"font-weight: 400;\">Sources\u00a0: casinoonline.com, megamoolah.com et medium.com<\/span><\/p>\n<p style=\"text-align: center;\"><a class=\"fasc-button fasc-size-medium fasc-type-glossy fasc-rounded-medium fasc-style-bold\" style=\"background-color: #e63115; color: #ffffff;\" target=\"_blank\" rel=\"noopener\" href=\"https:\/\/bit.ly\/3v8hoYA\">Inscrivez-vous gratuitement et obtenez un bonus $10 pour jouer<\/a><\/p>\n<p>Pr\u00e9sentez vos comp\u00e9tences sur Willis Casino. Cr\u00e9ez simplement un compte gratuit sur Willis Casino et demandez le bonus $10 en envoyant un e-mail \u00e0 support@williscasino.com.<\/p>","protected":false},"excerpt":{"rendered":"<p>Le monde du jeu en ligne a certainement pris un tournant depuis le d\u00e9but de la pand\u00e9mie. Surtout lorsque les amateurs de casino ne pouvaient pas se rendre dans les casinos r\u00e9els pour jouer et s&#039;amuser, les casinos en ligne sont devenus un succ\u00e8s ! Qui ne voudrait pas rester \u00e0 la maison et gagner gros, n&#039;est-ce pas\u00a0? L&#039;histoire parle d&#039;elle-m\u00eame et il y a des milliers de personnes qui ont gagn\u00e9\u2026<\/p>","protected":false},"author":2,"featured_media":0,"parent":0,"menu_order":0,"comment_status":"closed","ping_status":"closed","template":"","meta":{"footnotes":""},"_links":{"self":[{"href":"https:\/\/www.williscasino.com\/blog\/fr\/wp-json\/wp\/v2\/pages\/4538"}],"collection":[{"href":"https:\/\/www.williscasino.com\/blog\/fr\/wp-json\/wp\/v2\/pages"}],"about":[{"href":"https:\/\/www.williscasino.com\/blog\/fr\/wp-json\/wp\/v2\/types\/page"}],"author":[{"embeddable":true,"href":"https:\/\/www.williscasino.com\/blog\/fr\/wp-json\/wp\/v2\/users\/2"}],"replies":[{"embeddable":true,"href":"https:\/\/www.williscasino.com\/blog\/fr\/wp-json\/wp\/v2\/comments?post=4538"}],"version-history":[{"count":11,"href":"https:\/\/www.williscasino.com\/blog\/fr\/wp-json\/wp\/v2\/pages\/4538\/revisions"}],"predecessor-version":[{"id":4574,"href":"https:\/\/www.williscasino.com\/blog\/fr\/wp-json\/wp\/v2\/pages\/4538\/revisions\/4574"}],"wp:attachment":[{"href":"https:\/\/www.williscasino.com\/blog\/fr\/wp-json\/wp\/v2\/media?parent=4538"}],"curies":[{"name":"wp","href":"https:\/\/api.w.org\/{rel}","templated":true}]}}