{"id":4538,"date":"2022-11-10T18:03:38","date_gmt":"2022-11-10T17:03:38","guid":{"rendered":"https:\/\/www.williscasino.com\/blog\/?page_id=4538"},"modified":"2022-12-21T10:03:08","modified_gmt":"2022-12-21T09:03:08","slug":"top-10-online-jackpot-winners-all-time","status":"publish","type":"page","link":"https:\/\/www.williscasino.com\/blog\/nb\/topp-10-online-jackpot-vinnere-tidene\/","title":{"rendered":"De 10 beste online jackpotvinnerne gjennom tidene"},"content":{"rendered":"<p><span style=\"font-weight: 400;\">Nettspillverdenen har absolutt tatt en vending helt siden pandemien startet. Spesielt n\u00e5r kasinoelskere ikke kunne g\u00e5 til de faktiske kasinoene for \u00e5 gamble og nyte, ble nettkasinoer en hit! Hvem vil vel ikke v\u00e6re hjemme og vinne stort? Historien taler for seg selv, og det er tusenvis av mennesker som har vunnet store jackpotter ved \u00e5 spille online. Uansett om det er p\u00e5 spilleautomater, bordspill, blackjack eller videopoker, har det v\u00e6rt en rekke heldige spillere som har g\u00e5tt unna med livsendrende pengesummer. Vi snakker alt om de st\u00f8rste nettgevinstene til dags dato i denne artikkelen. Bli med!<\/span><\/p>\n<p style=\"text-align: center;\"><a class=\"fasc-button fasc-size-medium fasc-type-glossy fasc-rounded-medium fasc-style-bold\" style=\"background-color: #e63115; color: #ffffff;\" target=\"_blank\" href=\"https:\/\/bit.ly\/3v8hoYA\" rel=\"noopener\">Registrer deg gratis og f\u00e5 $10 bonus \u00e5 spille<\/a><\/p>\n<h2 style=\"text-align: center;\"><span style=\"font-weight: 400;\">De st\u00f8rste jackpotvinnerne noensinne<\/span><\/h2>\n<h3><span style=\"font-weight: 400;\">10) Million-dollar dr\u00f8mmer&nbsp;<\/span><\/h3>\n<p><span style=\"font-weight: 400;\">Radoslaw M. fra Polen vant store premiepenger p\u00e5 $1,2 millioner 5. oktober 2009 mens han spilte Mega Moolah. I f\u00f8lge Mega Moolahs nettsted ble spilleren s\u00e5 sjokkert at han ikke en gang kunne r\u00f8re datamaskinen han spilte p\u00e5. S\u00e5 fortsatte han med \u00e5 spille den st\u00f8rste bryllupsreisen for ham og kona og sa at de endelig kunne leve livet de alltid har dr\u00f8mt om!&nbsp;<\/span><\/p>\n<h3><span style=\"font-weight: 400;\">9) 0,50c til $5,5 millioner!<\/span><\/h3>\n<p><span style=\"font-weight: 400;\">Klaus fra Finland <\/span><span style=\"font-weight: 400;\">vant US$5,5 millioner p\u00e5 et 0,50c myntspill 22. april 2008. Det er 11 millioner ganger den opprinnelige innsatsen! Da Klaus s\u00e5 nummeret p\u00e5 dataskjermen, trodde han det var et telefonnummer og at han tok feil. Han reiste seg og gikk ut og kom tilbake til 5,5 millioner dollar p\u00e5 kasinokontoen sin og samtaler fra Mega Moolah-kasinoet som gratulerte ham.&nbsp;<\/span><\/p>\n<h3><span style=\"font-weight: 400;\">8) Raske millioner for fastfoodarbeideren!&nbsp;<\/span><\/h3>\n<p><span style=\"font-weight: 400;\">I slutten av juni i fjor, <\/span><span style=\"font-weight: 400;\">Rawiri Pou<\/span><span style=\"font-weight: 400;\"> fra New Zealand stakk av med $6,5 millioner mens han spilte Mega Moolah. Han var en 27 \u00e5r gammel fastfood-arbeider da han vant, og han var helt forvirret da han vant. Rawiri sa at han har v\u00e6rt i sjokk helt siden han vant, og at denne begivenheten kommer til \u00e5 ha en dyp innvirkning p\u00e5 hele livet hans. Vel, alle som vinner s\u00e5 stort vil f\u00f8le det samme!&nbsp;<\/span><\/p>\n<p><img decoding=\"async\" class=\"aligncenter\" src=\"https:\/\/www.williscasino.com\/blog\/wp-content\/uploads\/2022\/11\/rawri-pou.png\"><\/p>\n<p style=\"text-align: center;\"><a class=\"fasc-button fasc-size-medium fasc-type-glossy fasc-rounded-medium fasc-style-bold\" style=\"background-color: #e63115; color: #ffffff;\" target=\"_blank\" rel=\"noopener\" href=\"https:\/\/bit.ly\/3v8hoYA\">Registrer deg gratis og f\u00e5 $10 bonus \u00e5 spille<\/a><\/p>\n<h3><span style=\"font-weight: 400;\">7) Lykke til med seieren!<\/span><\/h3>\n<p><span style=\"font-weight: 400;\">Den 9. desember 2012 het en mann ved navn <\/span><span style=\"font-weight: 400;\">John Orchard<\/span><span style=\"font-weight: 400;\"> og en ivrig spiller av flere nettspill, spesielt bingo, snurret bare 30p og vant tilfeldig en enorm jackpot p\u00e5 $7,6 millioner n\u00e5r han minst forventet det! Flaks fungerer p\u00e5 fantastiske m\u00e5ter og denne dagen var sikkert en av de heldigste dagene i Jons liv.&nbsp;<\/span><\/p>\n<p><img loading=\"lazy\" decoding=\"async\" class=\"size-medium wp-image-4546 aligncenter\" src=\"https:\/\/www.williscasino.com\/blog\/wp-content\/uploads\/2022\/11\/john-orchard-300x218.png\" alt=\"\" width=\"300\" height=\"218\" srcset=\"https:\/\/www.williscasino.com\/blog\/wp-content\/uploads\/2022\/11\/john-orchard-300x218.png 300w, https:\/\/www.williscasino.com\/blog\/wp-content\/uploads\/2022\/11\/john-orchard-18x12.png 18w, https:\/\/www.williscasino.com\/blog\/wp-content\/uploads\/2022\/11\/john-orchard.png 666w\" sizes=\"(max-width: 300px) 100vw, 300px\" \/><\/p>\n<h3><span style=\"font-weight: 400;\">6) Du trenger bare \u20ac5!&nbsp;<\/span><\/h3>\n<p><span style=\"font-weight: 400;\">I 2009 het en mann <\/span><span style=\"font-weight: 400;\">Georgios fra Hellas<\/span><span style=\"font-weight: 400;\"> forvandlet seg til en umiddelbar mangemillion\u00e6r da han satte bare \u20ac5 i Mega Moolah. Han vant Mega Jackpot som i utgangspunktet er n\u00e5r spillet tilfeldig utl\u00f8ser en bonusrunde og bare de heldige som lander p\u00e5 rett sted i rett \u00f8yeblikk f\u00e5r spille det. Georgios ble helt imponert da han vant \u20ac6,3 millioner ($8,55 millioner).&nbsp;<\/span><\/p>\n<p style=\"text-align: center;\"><a class=\"fasc-button fasc-size-medium fasc-type-glossy fasc-rounded-medium fasc-style-bold\" style=\"background-color: #e63115; color: #ffffff;\" target=\"_blank\" rel=\"noopener\" href=\"https:\/\/bit.ly\/3v8hoYA\">Registrer deg gratis og f\u00e5 $10 bonus \u00e5 spille<\/a><\/p>\n<p>Vis ferdighetene dine p\u00e5 Willis Casino. Bare opprett en gratis konto p\u00e5 Willis Casino og be om $10-bonusen ved \u00e5 sende en e-post til support@williscasino.com.<\/p>\n<h3><span style=\"font-weight: 400;\">5) Fra $1 til $8,82 millioner!&nbsp;<\/span><\/h3>\n<p><span style=\"font-weight: 400;\">I 2016 vant en uidentifisert spiller med initialene DP en rekordstor jackpot p\u00e5 $8,82 millioner! Det var den st\u00f8rste progressive jackpotten noensinne vunnet p\u00e5 en mobilenhet. Men det mest sjokkerende er at spilleren bare investerte en dollar (ja!) i Mega Moolah Mobile&#039;s 80 Chances to Become a Millionaire Campaign og fikk denne enorme premien. Snakk om \u00e5 v\u00e6re heldig!&nbsp;&nbsp;<\/span><\/p>\n<h3><span style=\"font-weight: 400;\">4) Million\u00e6rskaperen<\/span><\/h3>\n<p><span style=\"font-weight: 400;\">Et av Microgamings mest popul\u00e6re spill er Mega Moolah, og det er ganske tydelig hvorfor. Sporets rykte som en h\u00f8ybetalende maskin skyldes dens gener\u00f8se utbetalinger. Mega Moolahs st\u00f8rste mobilutbetaling noensinne p\u00e5 mer enn $9,22 millioner ble truffet av en Tipico Mobile Casino-spiller i april 2017 av <\/span><span style=\"font-weight: 400;\">Marcus Goodwin<\/span><span style=\"font-weight: 400;\">. Tipperen satte ny rekord for flest poeng i l\u00f8pet av et kalender\u00e5r med dette trekket. En innsats p\u00e5 $7.2 per spill p\u00e5 denne Microgaming-automaten ga godt uttelling for spilleren og gjorde ham til million\u00e6r.&nbsp;<\/span><\/p>\n<h3><span style=\"font-weight: 400;\">3) Ung, heldig og rik!<\/span><\/h3>\n<p><span style=\"font-weight: 400;\">Bare 30 \u00e5r gammel,<\/span><span style=\"font-weight: 400;\"> Alexander fra Sverige<\/span><span style=\"font-weight: 400;\"> var den heldige vinneren av en jackpot p\u00e5 $9,57 millioner fra NetEnts Mega Fortune. P\u00e5 sp\u00f8rsm\u00e5l om hellet hans, innr\u00f8mmet den heldige prisvinneren at han f\u00f8rst var m\u00e5ll\u00f8s f\u00f8r han vekket kona for \u00e5 feire med henne. Alexander uttalte at uansett seier han bare skulle ta en ferie, betale boligl\u00e5net sitt og kanskje kj\u00f8pe en ny bil som bel\u00f8nning.&nbsp;<\/span><\/p>\n<h3><span style=\"font-weight: 400;\">2) Fra Hall of Gods til Hall of Fame&nbsp;<\/span><\/h3>\n<p><span style=\"font-weight: 400;\">I november 2012 vant en svensk kvinne kun etter initialene LG jackpotten p\u00e5 \u20ac7,6 millioner ($9,7 millioner). Hun likte et annet kjent online spilleautomat kalt Hall of Gods av Net Entertainment (NetEnt). Den heldige vinneren dro p\u00e5 familieferie til Thailand, kj\u00f8pte en fantastisk eiendom, betalte ned studiel\u00e5n og kj\u00f8pte en splitter ny bil med gevinsten.<\/span><\/p>\n<h3><span style=\"font-weight: 400;\">1) En soldats triumf!&nbsp;<\/span><\/h3>\n<p><span style=\"font-weight: 400;\">Mega Moolah Progressive Jackpot er kjent som et av de mest lukrative spillene som finnes. 6. oktober 2015 het en britisk soldat <\/span><span style=\"font-weight: 400;\">Jonathan Heywood<\/span><span style=\"font-weight: 400;\">, 26 \u00e5r gammel, vant en rekordstor jackpot p\u00e5 $17,2 millioner mens han bare satset 25p hvert spinn. Etterp\u00e5 beskrev vinneren opplevelsen som merkelig og sa at han fant det vanskelig \u00e5 akseptere.<\/span><\/p>\n<p><img loading=\"lazy\" decoding=\"async\" class=\"aligncenter wp-image-4548 size-full\" src=\"https:\/\/www.williscasino.com\/blog\/wp-content\/uploads\/2022\/11\/heywood.png\" alt=\"Jonathan heywood mega moolah\" width=\"801\" height=\"425\" srcset=\"https:\/\/www.williscasino.com\/blog\/wp-content\/uploads\/2022\/11\/heywood.png 801w, https:\/\/www.williscasino.com\/blog\/wp-content\/uploads\/2022\/11\/heywood-300x159.png 300w, https:\/\/www.williscasino.com\/blog\/wp-content\/uploads\/2022\/11\/heywood-768x407.png 768w, https:\/\/www.williscasino.com\/blog\/wp-content\/uploads\/2022\/11\/heywood-18x10.png 18w\" sizes=\"(max-width: 801px) 100vw, 801px\" \/><\/p>\n<p><span style=\"font-weight: 400;\">Kilder: casinoonline.com, megamoolah.com &amp; medium.com<\/span><\/p>\n<p style=\"text-align: center;\"><a class=\"fasc-button fasc-size-medium fasc-type-glossy fasc-rounded-medium fasc-style-bold\" style=\"background-color: #e63115; color: #ffffff;\" target=\"_blank\" rel=\"noopener\" href=\"https:\/\/bit.ly\/3v8hoYA\">Registrer deg gratis og f\u00e5 $10 bonus \u00e5 spille<\/a><\/p>\n<p>Vis ferdighetene dine p\u00e5 Willis Casino. Bare opprett en gratis konto p\u00e5 Willis Casino og be om $10-bonusen ved \u00e5 sende en e-post til support@williscasino.com.<\/p>","protected":false},"excerpt":{"rendered":"<p>Nettspillverdenen har absolutt tatt en vending helt siden pandemien startet. Spesielt n\u00e5r kasinoelskere ikke kunne g\u00e5 til de faktiske kasinoene for \u00e5 gamble og nyte, ble nettkasinoer en hit! Hvem vil vel ikke v\u00e6re hjemme og vinne stort? Historien taler for seg selv, og det er tusenvis av mennesker som har vunnet...<\/p>","protected":false},"author":2,"featured_media":0,"parent":0,"menu_order":0,"comment_status":"closed","ping_status":"closed","template":"","meta":{"footnotes":""},"_links":{"self":[{"href":"https:\/\/www.williscasino.com\/blog\/nb\/wp-json\/wp\/v2\/pages\/4538"}],"collection":[{"href":"https:\/\/www.williscasino.com\/blog\/nb\/wp-json\/wp\/v2\/pages"}],"about":[{"href":"https:\/\/www.williscasino.com\/blog\/nb\/wp-json\/wp\/v2\/types\/page"}],"author":[{"embeddable":true,"href":"https:\/\/www.williscasino.com\/blog\/nb\/wp-json\/wp\/v2\/users\/2"}],"replies":[{"embeddable":true,"href":"https:\/\/www.williscasino.com\/blog\/nb\/wp-json\/wp\/v2\/comments?post=4538"}],"version-history":[{"count":11,"href":"https:\/\/www.williscasino.com\/blog\/nb\/wp-json\/wp\/v2\/pages\/4538\/revisions"}],"predecessor-version":[{"id":4574,"href":"https:\/\/www.williscasino.com\/blog\/nb\/wp-json\/wp\/v2\/pages\/4538\/revisions\/4574"}],"wp:attachment":[{"href":"https:\/\/www.williscasino.com\/blog\/nb\/wp-json\/wp\/v2\/media?parent=4538"}],"curies":[{"name":"wp","href":"https:\/\/api.w.org\/{rel}","templated":true}]}}