{"id":4538,"date":"2022-11-10T18:03:38","date_gmt":"2022-11-10T17:03:38","guid":{"rendered":"https:\/\/www.williscasino.com\/blog\/?page_id=4538"},"modified":"2022-12-21T10:03:08","modified_gmt":"2022-12-21T09:03:08","slug":"top-10-online-jackpot-winners-all-time","status":"publish","type":"page","link":"https:\/\/www.williscasino.com\/blog\/pl\/10-najlepszych-zwyciezcow-jackpotow-online-wszechczasow\/","title":{"rendered":"10 najlepszych zwyci\u0119zc\u00f3w jackpota online wszechczas\u00f3w"},"content":{"rendered":"<p><span style=\"font-weight: 400;\">\u015awiat gier online z pewno\u015bci\u0105 zmieni\u0142 si\u0119 od pocz\u0105tku pandemii. Szczeg\u00f3lnie, gdy mi\u0142o\u015bnicy kasyn nie mogli i\u015b\u0107 do rzeczywistych kasyn, aby gra\u0107 i cieszy\u0107 si\u0119 nimi, kasyna online sta\u0142y si\u0119 hitem! Kto nie chcia\u0142by zosta\u0107 w domu i wygra\u0107 du\u017ce pieni\u0105dze, prawda? Historia m\u00f3wi sama za siebie i s\u0105 tysi\u0105ce ludzi, kt\u00f3rzy wygrali ogromne jackpoty graj\u0105c online. Niezale\u017cnie od tego, czy chodzi o automaty, gry sto\u0142owe, blackjacka czy pokera wideo, by\u0142o wielu szcz\u0119\u015bliwych graczy, kt\u00f3rzy odeszli z sumami pieni\u0119dzy zmieniaj\u0105cymi \u017cycie. W tym artykule m\u00f3wimy o najwi\u0119kszych dotychczasowych wygranych online. Zbli\u017ca\u0107 si\u0119!<\/span><\/p>\n<p style=\"text-align: center;\"><a class=\"fasc-button fasc-size-medium fasc-type-glossy fasc-rounded-medium fasc-style-bold\" style=\"background-color: #e63115; color: #ffffff;\" target=\"_blank\" href=\"https:\/\/bit.ly\/3v8hoYA\" rel=\"noopener\">Zarejestruj si\u0119 za darmo i otrzymaj bonus $10 do gry<\/a><\/p>\n<h2 style=\"text-align: center;\"><span style=\"font-weight: 400;\">Najwi\u0119ksi zwyci\u0119zcy jackpota w historii<\/span><\/h2>\n<h3><span style=\"font-weight: 400;\">10) Marzenia za milion dolar\u00f3w&nbsp;<\/span><\/h3>\n<p><span style=\"font-weight: 400;\">Rados\u0142aw M. z Polski wygra\u0142 ogromn\u0105 nagrod\u0119 pieni\u0119\u017cn\u0105 w wysoko\u015bci $1.2 miliona 5 pa\u017adziernika 2009 roku graj\u0105c w Mega Moolah. Jak podaje strona internetowa Mega Moolah, gracz by\u0142 tak zszokowany, \u017ce nie m\u00f3g\u0142 nawet dotkn\u0105\u0107 komputera, na kt\u00f3rym gra\u0142. Nast\u0119pnie uda\u0142 si\u0119 do odegrania najwspanialszego miesi\u0105ca miodowego dla niego i jego \u017cony i powiedzia\u0142, \u017ce w ko\u0144cu mog\u0105 \u017cy\u0107 \u017cyciem, o kt\u00f3rym zawsze marzyli!&nbsp;<\/span><\/p>\n<h3><span style=\"font-weight: 400;\">9) 0,50c do $5,5 miliona!<\/span><\/h3>\n<p><span style=\"font-weight: 400;\">Klaus z Finlandii <\/span><span style=\"font-weight: 400;\">wygra\u0142 $5,5 miliona dolar\u00f3w w zak\u0142adzie o warto\u015bci 0,50 centa w dniu 22 kwietnia 2008 r. To 11 milion\u00f3w razy wi\u0119cej ni\u017c pocz\u0105tkowa stawka! Kiedy Klaus zobaczy\u0142 numer na ekranie swojego komputera, pomy\u015bla\u0142, \u017ce to numer telefonu i \u017ce si\u0119 myli. Wsta\u0142, wyszed\u0142 na zewn\u0105trz i wr\u00f3ci\u0142 do 5,5 miliona dolar\u00f3w na swoim koncie w kasynie oraz telefon\u00f3w z gratulacjami od kasyna Mega Moolah.&nbsp;<\/span><\/p>\n<h3><span style=\"font-weight: 400;\">8) Szybkie miliony dla pracownika fast food\u00f3w!&nbsp;<\/span><\/h3>\n<p><span style=\"font-weight: 400;\">Pod koniec czerwca ubieg\u0142ego roku <\/span><span style=\"font-weight: 400;\">Rawiri Pou<\/span><span style=\"font-weight: 400;\"> z Nowej Zelandii odszed\u0142 z $6,5 miliona graj\u0105c w Mega Moolah. By\u0142 27-letnim pracownikiem fast-foodu, kiedy wygra\u0142 i by\u0142 ca\u0142kowicie zdumiony, kiedy wygra\u0142. Rawiri powiedzia\u0142, \u017ce jest w szoku odk\u0105d wygra\u0142 i \u017ce to wydarzenie b\u0119dzie mia\u0142o g\u0142\u0119boki wp\u0142yw na ca\u0142e jego \u017cycie. C\u00f3\u017c, ka\u017cdy, kto wygra tak du\u017c\u0105 wygran\u0105, poczuje to samo!&nbsp;<\/span><\/p>\n<p><img decoding=\"async\" class=\"aligncenter\" src=\"https:\/\/www.williscasino.com\/blog\/wp-content\/uploads\/2022\/11\/rawri-pou.png\"><\/p>\n<p style=\"text-align: center;\"><a class=\"fasc-button fasc-size-medium fasc-type-glossy fasc-rounded-medium fasc-style-bold\" style=\"background-color: #e63115; color: #ffffff;\" target=\"_blank\" rel=\"noopener\" href=\"https:\/\/bit.ly\/3v8hoYA\">Zarejestruj si\u0119 za darmo i otrzymaj bonus $10 do gry<\/a><\/p>\n<h3><span style=\"font-weight: 400;\">7) Powodzenia w wygranej!<\/span><\/h3>\n<p><span style=\"font-weight: 400;\">W dniu 9 grudnia 2012 roku m\u0119\u017cczyzna o imieniu <\/span><span style=\"font-weight: 400;\">Jan Orchard<\/span><span style=\"font-weight: 400;\"> i zapalony gracz kilku gier online, zw\u0142aszcza bingo, obr\u00f3ci\u0142 zaledwie 30 pens\u00f3w i losowo wygra\u0142 ogromny jackpot w wysoko\u015bci $7,6 miliona, kiedy najmniej si\u0119 tego spodziewa\u0142! Szcz\u0119\u015bcie dzia\u0142a wspaniale i ten dzie\u0144 by\u0142 z pewno\u015bci\u0105 jednym z najszcz\u0119\u015bliwszych dni w \u017cyciu Jona.&nbsp;<\/span><\/p>\n<p><img loading=\"lazy\" decoding=\"async\" class=\"size-medium wp-image-4546 aligncenter\" src=\"https:\/\/www.williscasino.com\/blog\/wp-content\/uploads\/2022\/11\/john-orchard-300x218.png\" alt=\"\" width=\"300\" height=\"218\" srcset=\"https:\/\/www.williscasino.com\/blog\/wp-content\/uploads\/2022\/11\/john-orchard-300x218.png 300w, https:\/\/www.williscasino.com\/blog\/wp-content\/uploads\/2022\/11\/john-orchard-18x12.png 18w, https:\/\/www.williscasino.com\/blog\/wp-content\/uploads\/2022\/11\/john-orchard.png 666w\" sizes=\"(max-width: 300px) 100vw, 300px\" \/><\/p>\n<h3><span style=\"font-weight: 400;\">6) Potrzebujesz tylko 5 \u20ac!&nbsp;<\/span><\/h3>\n<p><span style=\"font-weight: 400;\">W 2009 roku m\u0119\u017cczyzna o imieniu <\/span><span style=\"font-weight: 400;\">Georgios z Grecji<\/span><span style=\"font-weight: 400;\"> natychmiast sta\u0142 si\u0119 multimilionerem, gdy wp\u0142aci\u0142 zaledwie 5 euro w Mega Moolah. Wygra\u0142 Mega Jackpot, czyli w zasadzie wtedy, gdy gra losowo uruchamia rund\u0119 bonusow\u0105 i tylko szcz\u0119\u015bliwcy, kt\u00f3rzy wyl\u0105duj\u0105 we w\u0142a\u015bciwym miejscu we w\u0142a\u015bciwym momencie, mog\u0105 w ni\u0105 zagra\u0107. Georgios by\u0142 ca\u0142kowicie zachwycony, gdy wygra\u0142 6,3 miliona euro ($8,55 miliona).&nbsp;<\/span><\/p>\n<p style=\"text-align: center;\"><a class=\"fasc-button fasc-size-medium fasc-type-glossy fasc-rounded-medium fasc-style-bold\" style=\"background-color: #e63115; color: #ffffff;\" target=\"_blank\" rel=\"noopener\" href=\"https:\/\/bit.ly\/3v8hoYA\">Zarejestruj si\u0119 za darmo i otrzymaj bonus $10 do gry<\/a><\/p>\n<p>Zaprezentuj swoje umiej\u0119tno\u015bci w Willis Casino. Po prostu utw\u00f3rz darmowe konto w Willis Casino i popro\u015b o bonus $10, wysy\u0142aj\u0105c wiadomo\u015b\u0107 e-mail na adres support@williscasino.com.<\/p>\n<h3><span style=\"font-weight: 400;\">5) Od $1 do $8,82 miliona!&nbsp;<\/span><\/h3>\n<p><span style=\"font-weight: 400;\">W 2016 roku niezidentyfikowany gracz o inicja\u0142ach DP wygra\u0142 rekordow\u0105 wygran\u0105 w wysoko\u015bci $8,82 miliona! By\u0142 to najwi\u0119kszy progresywny jackpot, jaki kiedykolwiek wygrano na urz\u0105dzeniu mobilnym. Ale najbardziej szokuj\u0105ce jest to, \u017ce gracz zainwestowa\u0142 tylko dolara (tak!) w kampani\u0119 80 szans na zostanie milionerem Mega Moolah Mobile i zdoby\u0142 t\u0119 ogromn\u0105 nagrod\u0119. Porozmawiaj o szcz\u0119\u015bciu!&nbsp;&nbsp;<\/span><\/p>\n<h3><span style=\"font-weight: 400;\">4) Tw\u00f3rca milioner\u00f3w<\/span><\/h3>\n<p><span style=\"font-weight: 400;\">Jedn\u0105 z najpopularniejszych gier Microgaming jest Mega Moolah i jest ca\u0142kiem oczywiste, dlaczego. Reputacja tego automatu jako wysoko p\u0142atnej maszyny wynika z jego hojnych wyp\u0142at. Najwi\u0119ksza w historii mobilna wyp\u0142ata Mega Moolah w wysoko\u015bci ponad $9,22 miliona zosta\u0142a dokonana przez gracza Tipico Mobile Casino w kwietniu 2017 r. <\/span><span style=\"font-weight: 400;\">Marcusa Goodwina<\/span><span style=\"font-weight: 400;\">. Tym posuni\u0119ciem gracz ustanowi\u0142 nowy rekord najwi\u0119kszej liczby punt\u00f3w w roku kalendarzowym. Stawka $7,2 na gr\u0119 w tym slocie Microgaming op\u0142aci\u0142a si\u0119 graczowi i uczyni\u0142a go milionerem.&nbsp;<\/span><\/p>\n<h3><span style=\"font-weight: 400;\">3) M\u0142ody, szcz\u0119\u015bliwy i bogaty!<\/span><\/h3>\n<p><span style=\"font-weight: 400;\">Maj\u0105c zaledwie 30 lat,<\/span><span style=\"font-weight: 400;\"> Aleksander ze Szwecji<\/span><span style=\"font-weight: 400;\"> by\u0142 szcz\u0119\u015bliwym zwyci\u0119zc\u0105 jackpota $9,57 miliona z Mega Fortune firmy NetEnt. Zapytany o swoje szcz\u0119\u015bcie, szcz\u0119\u015bliwy zdobywca nagrody przyzna\u0142, \u017ce pocz\u0105tkowo odebra\u0142o mu mow\u0119, zanim obudzi\u0142 \u017con\u0119, aby \u015bwi\u0119towa\u0107 z ni\u0105. Alexander stwierdzi\u0142, \u017ce niezale\u017cnie od wygranej zamierza po prostu wzi\u0105\u0107 urlop, sp\u0142aci\u0107 kredyt hipoteczny i by\u0107 mo\u017ce kupi\u0107 nowy samoch\u00f3d w nagrod\u0119.&nbsp;<\/span><\/p>\n<h3><span style=\"font-weight: 400;\">2) Z Hall of Gods do Hall of Fame&nbsp;<\/span><\/h3>\n<p><span style=\"font-weight: 400;\">W listopadzie 2012 r. Szwedka pos\u0142uguj\u0105ca si\u0119 jedynie inicja\u0142ami LG wygra\u0142a g\u0142\u00f3wn\u0105 nagrod\u0119 w wysoko\u015bci 7,6 miliona euro ($9,7 miliona). Bawi\u0142a si\u0119 w inn\u0105 s\u0142ynn\u0105 gr\u0119 slotow\u0105 online o nazwie Hall of Gods od Net Entertainment (NetEnt). Szcz\u0119\u015bliwa zwyci\u0119\u017cczyni pojecha\u0142a na rodzinne wakacje do Tajlandii, kupi\u0142a cudown\u0105 nieruchomo\u015b\u0107, sp\u0142aci\u0142a kredyt studencki, a za wygran\u0105 kupi\u0142a nowiutki samoch\u00f3d.<\/span><\/p>\n<h3><span style=\"font-weight: 400;\">1) Triumf \u017co\u0142nierza!&nbsp;<\/span><\/h3>\n<p><span style=\"font-weight: 400;\">Mega Moolah Progressive Jackpot jest dobrze znany jako jedna z najbardziej lukratywnych dost\u0119pnych gier. W dniu 6 pa\u017adziernika 2015 roku brytyjski \u017co\u0142nierz o imieniu <\/span><span style=\"font-weight: 400;\">Jonathana Heywooda<\/span><span style=\"font-weight: 400;\">, 26 lat, wygra\u0142 rekordowy jackpot w wysoko\u015bci $17,2 miliona, obstawiaj\u0105c tylko 25 pens\u00f3w za ka\u017cdy obr\u00f3t. Nast\u0119pnie zwyci\u0119zca opisa\u0142 to do\u015bwiadczenie jako dziwne i stwierdzi\u0142, \u017ce trudno mu je zaakceptowa\u0107.<\/span><\/p>\n<p><img loading=\"lazy\" decoding=\"async\" class=\"aligncenter wp-image-4548 size-full\" src=\"https:\/\/www.williscasino.com\/blog\/wp-content\/uploads\/2022\/11\/heywood.png\" alt=\"Mega moolah Jonathana Heywooda\" width=\"801\" height=\"425\" srcset=\"https:\/\/www.williscasino.com\/blog\/wp-content\/uploads\/2022\/11\/heywood.png 801w, https:\/\/www.williscasino.com\/blog\/wp-content\/uploads\/2022\/11\/heywood-300x159.png 300w, https:\/\/www.williscasino.com\/blog\/wp-content\/uploads\/2022\/11\/heywood-768x407.png 768w, https:\/\/www.williscasino.com\/blog\/wp-content\/uploads\/2022\/11\/heywood-18x10.png 18w\" sizes=\"(max-width: 801px) 100vw, 801px\" \/><\/p>\n<p><span style=\"font-weight: 400;\">\u0179r\u00f3d\u0142a: casinoonline.com, megamoolah.com i medium.com<\/span><\/p>\n<p style=\"text-align: center;\"><a class=\"fasc-button fasc-size-medium fasc-type-glossy fasc-rounded-medium fasc-style-bold\" style=\"background-color: #e63115; color: #ffffff;\" target=\"_blank\" rel=\"noopener\" href=\"https:\/\/bit.ly\/3v8hoYA\">Zarejestruj si\u0119 za darmo i otrzymaj bonus $10 do gry<\/a><\/p>\n<p>Zaprezentuj swoje umiej\u0119tno\u015bci w Willis Casino. Po prostu utw\u00f3rz darmowe konto w Willis Casino i popro\u015b o bonus $10, wysy\u0142aj\u0105c wiadomo\u015b\u0107 e-mail na adres support@williscasino.com.<\/p>","protected":false},"excerpt":{"rendered":"<p>\u015awiat gier online z pewno\u015bci\u0105 zmieni\u0142 si\u0119 od pocz\u0105tku pandemii. Szczeg\u00f3lnie, gdy mi\u0142o\u015bnicy kasyn nie mogli i\u015b\u0107 do rzeczywistych kasyn, aby gra\u0107 i cieszy\u0107 si\u0119 nimi, kasyna online sta\u0142y si\u0119 hitem! Kto nie chcia\u0142by zosta\u0107 w domu i wygra\u0107 du\u017ce pieni\u0105dze, prawda? Historia m\u00f3wi sama za siebie i s\u0105 tysi\u0105ce ludzi, kt\u00f3rzy wygrali\u2026<\/p>","protected":false},"author":2,"featured_media":0,"parent":0,"menu_order":0,"comment_status":"closed","ping_status":"closed","template":"","meta":{"footnotes":""},"_links":{"self":[{"href":"https:\/\/www.williscasino.com\/blog\/pl\/wp-json\/wp\/v2\/pages\/4538"}],"collection":[{"href":"https:\/\/www.williscasino.com\/blog\/pl\/wp-json\/wp\/v2\/pages"}],"about":[{"href":"https:\/\/www.williscasino.com\/blog\/pl\/wp-json\/wp\/v2\/types\/page"}],"author":[{"embeddable":true,"href":"https:\/\/www.williscasino.com\/blog\/pl\/wp-json\/wp\/v2\/users\/2"}],"replies":[{"embeddable":true,"href":"https:\/\/www.williscasino.com\/blog\/pl\/wp-json\/wp\/v2\/comments?post=4538"}],"version-history":[{"count":11,"href":"https:\/\/www.williscasino.com\/blog\/pl\/wp-json\/wp\/v2\/pages\/4538\/revisions"}],"predecessor-version":[{"id":4574,"href":"https:\/\/www.williscasino.com\/blog\/pl\/wp-json\/wp\/v2\/pages\/4538\/revisions\/4574"}],"wp:attachment":[{"href":"https:\/\/www.williscasino.com\/blog\/pl\/wp-json\/wp\/v2\/media?parent=4538"}],"curies":[{"name":"wp","href":"https:\/\/api.w.org\/{rel}","templated":true}]}}