{"id":4538,"date":"2022-11-10T18:03:38","date_gmt":"2022-11-10T17:03:38","guid":{"rendered":"https:\/\/www.williscasino.com\/blog\/?page_id=4538"},"modified":"2022-12-21T10:03:08","modified_gmt":"2022-12-21T09:03:08","slug":"top-10-online-jackpot-winners-all-time","status":"publish","type":"page","link":"https:\/\/www.williscasino.com\/blog\/sv\/topp-10-online-jackpottvinnare-genom-tiderna\/","title":{"rendered":"De 10 b\u00e4sta onlinejackpottvinnarna genom tiderna"},"content":{"rendered":"<p><span style=\"font-weight: 400;\">Spelv\u00e4rlden online har verkligen tagit en v\u00e4ndning \u00e4nda sedan pandemin startade. Speciellt n\u00e4r kasino\u00e4lskare inte kunde g\u00e5 till de faktiska kasinona f\u00f6r att spela och njuta, blev onlinekasinon en hit! Vem skulle inte vilja stanna hemma och vinna stort, eller hur? Historien talar f\u00f6r sig sj\u00e4lv och det finns tusentals m\u00e4nniskor som har vunnit enorma jackpottar n\u00e4r de spelar online. Oavsett om det \u00e4r p\u00e5 slots, bordsspel, blackjack eller videopoker s\u00e5 har det funnits ett antal lyckliga spelare som har g\u00e5tt d\u00e4rifr\u00e5n med livsavg\u00f6rande summor pengar. Vi pratar allt om de st\u00f6rsta onlinevinsterna hittills i den h\u00e4r artikeln. H\u00e4ng med!<\/span><\/p>\n<p style=\"text-align: center;\"><a class=\"fasc-button fasc-size-medium fasc-type-glossy fasc-rounded-medium fasc-style-bold\" style=\"background-color: #e63115; color: #ffffff;\" target=\"_blank\" href=\"https:\/\/bit.ly\/3v8hoYA\" rel=\"noopener\">Registrera dig gratis och f\u00e5 $10 bonus att spela<\/a><\/p>\n<h2 style=\"text-align: center;\"><span style=\"font-weight: 400;\">De st\u00f6rsta jackpottvinnarna n\u00e5gonsin<\/span><\/h2>\n<h3><span style=\"font-weight: 400;\">10) Miljondollardr\u00f6mmar&nbsp;<\/span><\/h3>\n<p><span style=\"font-weight: 400;\">Radoslaw M. fr\u00e5n Polen vann en enorm prissumma p\u00e5 $1,2 miljoner den 5 oktober 2009 n\u00e4r han spelade Mega Moolah. Enligt Mega Moolahs hemsida var spelaren s\u00e5 chockad att han inte ens kunde r\u00f6ra datorn han spelade p\u00e5. Sedan fortsatte han med att spela den st\u00f6rsta smekm\u00e5naden f\u00f6r honom och hans fru och sa att de \u00e4ntligen kunde leva det liv de alltid dr\u00f6mt om!&nbsp;<\/span><\/p>\n<h3><span style=\"font-weight: 400;\">9) 0,50c till $5,5 miljoner!<\/span><\/h3>\n<p><span style=\"font-weight: 400;\">Klaus fr\u00e5n Finland <\/span><span style=\"font-weight: 400;\">vann US$5,5 miljoner p\u00e5 en 0,50c myntsatsning den 22 april 2008. Det \u00e4r 11 miljoner g\u00e5nger den ursprungliga insatsen! N\u00e4r Klaus s\u00e5g numret p\u00e5 sin datorsk\u00e4rm trodde han att det var ett telefonnummer och att han hade fel. Han reste sig och gick ut och kom tillbaka till 5,5 miljoner dollar p\u00e5 sitt kasinokonto och samtal fr\u00e5n Mega Moolah-kasinot som gratulerade honom.&nbsp;<\/span><\/p>\n<h3><span style=\"font-weight: 400;\">8) Snabba miljoner f\u00f6r snabbmatsarbetaren!&nbsp;<\/span><\/h3>\n<p><span style=\"font-weight: 400;\">I slutet av juni f\u00f6rra \u00e5ret, <\/span><span style=\"font-weight: 400;\">Rawiri Pou<\/span><span style=\"font-weight: 400;\"> fr\u00e5n Nya Zeeland gick d\u00e4rifr\u00e5n med $6,5 miljoner medan han spelade Mega Moolah. Han var en 27-\u00e5rig snabbmatsarbetare n\u00e4r han vann och han var helt f\u00f6rbryllad n\u00e4r han vann. Rawiri sa att han har varit i ett tillst\u00e5nd av chock \u00e4nda sedan han vann och att denna h\u00e4ndelse kommer att ha en djupg\u00e5ende effekt p\u00e5 hela hans liv. Tja, alla som vinner s\u00e5 h\u00e4r stort skulle k\u00e4nna likadant!&nbsp;<\/span><\/p>\n<p><img decoding=\"async\" class=\"aligncenter\" src=\"https:\/\/www.williscasino.com\/blog\/wp-content\/uploads\/2022\/11\/rawri-pou.png\"><\/p>\n<p style=\"text-align: center;\"><a class=\"fasc-button fasc-size-medium fasc-type-glossy fasc-rounded-medium fasc-style-bold\" style=\"background-color: #e63115; color: #ffffff;\" target=\"_blank\" rel=\"noopener\" href=\"https:\/\/bit.ly\/3v8hoYA\">Registrera dig gratis och f\u00e5 $10 bonus att spela<\/a><\/p>\n<h3><span style=\"font-weight: 400;\">7) Lycka till med vinsten!<\/span><\/h3>\n<p><span style=\"font-weight: 400;\">Den 9 december 2012 heter en man <\/span><span style=\"font-weight: 400;\">John Orchard<\/span><span style=\"font-weight: 400;\"> och en ivrig spelare av flera onlinespel, s\u00e4rskilt bingo, snurrade bara 30p och vann slumpm\u00e4ssigt en enorm jackpot p\u00e5 $7,6 miljoner n\u00e4r han minst anade det! Tur fungerar p\u00e5 fantastiska s\u00e4tt och denna dag var s\u00e4kert en av de lyckligaste dagarna i Jons liv.&nbsp;<\/span><\/p>\n<p><img loading=\"lazy\" decoding=\"async\" class=\"size-medium wp-image-4546 aligncenter\" src=\"https:\/\/www.williscasino.com\/blog\/wp-content\/uploads\/2022\/11\/john-orchard-300x218.png\" alt=\"\" width=\"300\" height=\"218\" srcset=\"https:\/\/www.williscasino.com\/blog\/wp-content\/uploads\/2022\/11\/john-orchard-300x218.png 300w, https:\/\/www.williscasino.com\/blog\/wp-content\/uploads\/2022\/11\/john-orchard-18x12.png 18w, https:\/\/www.williscasino.com\/blog\/wp-content\/uploads\/2022\/11\/john-orchard.png 666w\" sizes=\"(max-width: 300px) 100vw, 300px\" \/><\/p>\n<h3><span style=\"font-weight: 400;\">6) Du beh\u00f6ver bara \u20ac5!&nbsp;<\/span><\/h3>\n<p><span style=\"font-weight: 400;\">\u00c5r 2009 heter en man <\/span><span style=\"font-weight: 400;\">Georgios fr\u00e5n Grekland<\/span><span style=\"font-weight: 400;\"> f\u00f6rvandlades till en omedelbar m\u00e5ngmiljon\u00e4r n\u00e4r han satte bara \u20ac5 i Mega Moolah. Han vann Mega Jackpot som i princip \u00e4r n\u00e4r spelet slumpm\u00e4ssigt utl\u00f6ser en bonusrunda och bara de lyckliga som landar p\u00e5 r\u00e4tt plats i r\u00e4tt \u00f6gonblick f\u00e5r spela det. Georgios blev helt bl\u00e5st n\u00e4r han vann \u20ac6,3 miljoner ($8,55 miljoner).&nbsp;<\/span><\/p>\n<p style=\"text-align: center;\"><a class=\"fasc-button fasc-size-medium fasc-type-glossy fasc-rounded-medium fasc-style-bold\" style=\"background-color: #e63115; color: #ffffff;\" target=\"_blank\" rel=\"noopener\" href=\"https:\/\/bit.ly\/3v8hoYA\">Registrera dig gratis och f\u00e5 $10 bonus att spela<\/a><\/p>\n<p>Visa upp dina f\u00e4rdigheter p\u00e5 Willis Casino. Skapa helt enkelt ett gratiskonto p\u00e5 Willis Casino och beg\u00e4r $10-bonusen genom att skicka ett e-postmeddelande till support@williscasino.com.<\/p>\n<h3><span style=\"font-weight: 400;\">5) Fr\u00e5n $1 till $8,82 miljoner!&nbsp;<\/span><\/h3>\n<p><span style=\"font-weight: 400;\">Under 2016 vann en oidentifierad spelare med initialerna DP en rekordstor jackpott p\u00e5 $8,82 miljoner! Det var den st\u00f6rsta progressiva jackpotten som n\u00e5gonsin vunnits p\u00e5 en mobil enhet. Men det mest chockerande \u00e4r att spelaren bara investerade en dollar (ja!) i Mega Moolah Mobile&#039;s 80 Chances to Become a Millionaire Campaign och landade detta enorma pris. Snacka om att ha tur!&nbsp;&nbsp;<\/span><\/p>\n<h3><span style=\"font-weight: 400;\">4) Miljon\u00e4rsskaparen<\/span><\/h3>\n<p><span style=\"font-weight: 400;\">Ett av Microgamings mest popul\u00e4ra spel \u00e4r Mega Moolah och det \u00e4r ganska uppenbart varf\u00f6r. Slotens rykte som en h\u00f6gbetalande maskin beror p\u00e5 dess gener\u00f6sa utbetalningar. Mega Moolahs st\u00f6rsta mobilutbetalning n\u00e5gonsin p\u00e5 mer \u00e4n $9,22 miljoner slogs av en Tipico Mobile Casino-spelare i april 2017 av <\/span><span style=\"font-weight: 400;\">Marcus Goodwin<\/span><span style=\"font-weight: 400;\">. Spelaren satte ett nytt rekord f\u00f6r flest po\u00e4ng under ett kalender\u00e5r med detta drag. En satsning p\u00e5 $7.2 per spel p\u00e5 denna Microgaming-slot gav bra utdelning f\u00f6r spelaren och gjorde honom till miljon\u00e4r.&nbsp;<\/span><\/p>\n<h3><span style=\"font-weight: 400;\">3) Ung, lycklig och rik!<\/span><\/h3>\n<p><span style=\"font-weight: 400;\">Bara 30 \u00e5r gammal,<\/span><span style=\"font-weight: 400;\"> Alexander fr\u00e5n Sverige<\/span><span style=\"font-weight: 400;\"> var den lyckliga vinnaren av en jackpott p\u00e5 $9,57 miljoner fr\u00e5n NetEnts Mega Fortune. P\u00e5 fr\u00e5gan om sin lycka erk\u00e4nde den lyckliga pristagaren att han f\u00f6rst var m\u00e5ll\u00f6s innan han v\u00e4ckte sin fru f\u00f6r att fira med henne. Alexander sa att oavsett vinst s\u00e5 skulle han bara ta semester, betala sitt bol\u00e5n och kanske k\u00f6pa en ny bil som bel\u00f6ning.&nbsp;<\/span><\/p>\n<h3><span style=\"font-weight: 400;\">2) Fr\u00e5n Hall of Gods till Hall of Fame&nbsp;<\/span><\/h3>\n<p><span style=\"font-weight: 400;\">I november 2012 vann en svensk kvinna som bara f\u00f6ljer initialerna LG jackpotten p\u00e5 \u20ac7,6 miljoner ($9,7 miljoner). Hon nj\u00f6t av ett annat ber\u00f6mt onlinespel som heter Hall of Gods av Net Entertainment (NetEnt). Den lyckliga vinnaren \u00e5kte p\u00e5 en familjesemester till Thailand, k\u00f6pte en underbar fastighet, betalade av sina studiel\u00e5n och k\u00f6pte en helt ny bil med sin vinst.<\/span><\/p>\n<h3><span style=\"font-weight: 400;\">1) En soldats triumf!&nbsp;<\/span><\/h3>\n<p><span style=\"font-weight: 400;\">Mega Moolah Progressive Jackpot \u00e4r v\u00e4lk\u00e4nt som ett av de mest lukrativa spelen som finns. Den 6 oktober 2015 heter en brittisk soldat <\/span><span style=\"font-weight: 400;\">Jonathan Heywood<\/span><span style=\"font-weight: 400;\">, 26 \u00e5r gammal, vann en rekordstor jackpott p\u00e5 $17,2 miljoner medan han bara satsade 25p varje snurr. Efter\u00e5t beskrev vinnaren upplevelsen som konstig och sa att han hade sv\u00e5rt att acceptera.<\/span><\/p>\n<p><img loading=\"lazy\" decoding=\"async\" class=\"aligncenter wp-image-4548 size-full\" src=\"https:\/\/www.williscasino.com\/blog\/wp-content\/uploads\/2022\/11\/heywood.png\" alt=\"Jonathan heywood mega moolah\" width=\"801\" height=\"425\" srcset=\"https:\/\/www.williscasino.com\/blog\/wp-content\/uploads\/2022\/11\/heywood.png 801w, https:\/\/www.williscasino.com\/blog\/wp-content\/uploads\/2022\/11\/heywood-300x159.png 300w, https:\/\/www.williscasino.com\/blog\/wp-content\/uploads\/2022\/11\/heywood-768x407.png 768w, https:\/\/www.williscasino.com\/blog\/wp-content\/uploads\/2022\/11\/heywood-18x10.png 18w\" sizes=\"(max-width: 801px) 100vw, 801px\" \/><\/p>\n<p><span style=\"font-weight: 400;\">K\u00e4llor: casinoonline.com, megamoolah.com &amp; medium.com<\/span><\/p>\n<p style=\"text-align: center;\"><a class=\"fasc-button fasc-size-medium fasc-type-glossy fasc-rounded-medium fasc-style-bold\" style=\"background-color: #e63115; color: #ffffff;\" target=\"_blank\" rel=\"noopener\" href=\"https:\/\/bit.ly\/3v8hoYA\">Registrera dig gratis och f\u00e5 $10 bonus att spela<\/a><\/p>\n<p>Visa upp dina f\u00e4rdigheter p\u00e5 Willis Casino. Skapa helt enkelt ett gratiskonto p\u00e5 Willis Casino och beg\u00e4r $10-bonusen genom att skicka ett e-postmeddelande till support@williscasino.com.<\/p>","protected":false},"excerpt":{"rendered":"<p>Spelv\u00e4rlden online har verkligen tagit en v\u00e4ndning \u00e4nda sedan pandemin startade. Speciellt n\u00e4r kasino\u00e4lskare inte kunde g\u00e5 till de faktiska kasinona f\u00f6r att spela och njuta, blev onlinekasinon en hit! Vem skulle inte vilja stanna hemma och vinna stort, eller hur? Historien talar f\u00f6r sig sj\u00e4lv och det finns tusentals m\u00e4nniskor som har vunnit...<\/p>","protected":false},"author":2,"featured_media":0,"parent":0,"menu_order":0,"comment_status":"closed","ping_status":"closed","template":"","meta":{"footnotes":""},"_links":{"self":[{"href":"https:\/\/www.williscasino.com\/blog\/sv\/wp-json\/wp\/v2\/pages\/4538"}],"collection":[{"href":"https:\/\/www.williscasino.com\/blog\/sv\/wp-json\/wp\/v2\/pages"}],"about":[{"href":"https:\/\/www.williscasino.com\/blog\/sv\/wp-json\/wp\/v2\/types\/page"}],"author":[{"embeddable":true,"href":"https:\/\/www.williscasino.com\/blog\/sv\/wp-json\/wp\/v2\/users\/2"}],"replies":[{"embeddable":true,"href":"https:\/\/www.williscasino.com\/blog\/sv\/wp-json\/wp\/v2\/comments?post=4538"}],"version-history":[{"count":11,"href":"https:\/\/www.williscasino.com\/blog\/sv\/wp-json\/wp\/v2\/pages\/4538\/revisions"}],"predecessor-version":[{"id":4574,"href":"https:\/\/www.williscasino.com\/blog\/sv\/wp-json\/wp\/v2\/pages\/4538\/revisions\/4574"}],"wp:attachment":[{"href":"https:\/\/www.williscasino.com\/blog\/sv\/wp-json\/wp\/v2\/media?parent=4538"}],"curies":[{"name":"wp","href":"https:\/\/api.w.org\/{rel}","templated":true}]}}